{"id":2459,"date":"2025-07-17T14:26:35","date_gmt":"2025-07-17T14:26:35","guid":{"rendered":"https:\/\/jmc-elec.yoobi.fr\/?page_id=2459"},"modified":"2025-07-17T14:28:19","modified_gmt":"2025-07-17T14:28:19","slug":"activites","status":"publish","type":"page","link":"https:\/\/jmc-elec.yoobi.fr\/?page_id=2459","title":{"rendered":"Activit\u00e9s\u00a0"},"content":{"rendered":"\t\t<div data-elementor-type=\"wp-page\" data-elementor-id=\"2459\" class=\"elementor elementor-2459\" data-elementor-post-type=\"page\">\n\t\t\t\t<div class=\"elementor-element elementor-element-6e8be9d e-flex e-con-boxed e-con e-parent\" data-id=\"6e8be9d\" data-element_type=\"container\" data-settings=\"{&quot;background_background&quot;:&quot;classic&quot;}\">\n\t\t\t\t\t<div class=\"e-con-inner\">\n\t\t\t\t\t<\/div>\n\t\t\t\t<\/div>\n\t\t<div class=\"elementor-element elementor-element-a112ff9 e-flex e-con-boxed e-con e-parent\" data-id=\"a112ff9\" data-element_type=\"container\" id=\"realisations\">\n\t\t\t\t\t<div class=\"e-con-inner\">\n\t\t<div class=\"elementor-element elementor-element-1d943b7 e-flex e-con-boxed elementor-invisible e-con e-child\" data-id=\"1d943b7\" data-element_type=\"container\" data-settings=\"{&quot;animation&quot;:&quot;fadeIn&quot;,&quot;animation_delay&quot;:400}\">\n\t\t\t\t\t<div class=\"e-con-inner\">\n\t\t<div class=\"elementor-element elementor-element-46c3823 e-con-full e-flex e-con e-child\" data-id=\"46c3823\" data-element_type=\"container\" data-settings=\"{&quot;background_background&quot;:&quot;classic&quot;}\">\n\t\t\t\t<div class=\"elementor-element elementor-element-694a0cb elementor-widget__width-inherit elementor-widget elementor-widget-image\" data-id=\"694a0cb\" data-element_type=\"widget\" data-widget_type=\"image.default\">\n\t\t\t\t<div class=\"elementor-widget-container\">\n\t\t\t<style>\/*! elementor - v3.22.0 - 26-06-2024 *\/\n.elementor-widget-image{text-align:center}.elementor-widget-image a{display:inline-block}.elementor-widget-image a img[src$=\".svg\"]{width:48px}.elementor-widget-image img{vertical-align:middle;display:inline-block}<\/style>\t\t\t\t\t\t\t\t\t\t<img fetchpriority=\"high\" decoding=\"async\" width=\"800\" height=\"533\" src=\"https:\/\/jmc-elec.yoobi.fr\/wp-content\/uploads\/2024\/11\/AdobeStock_615513256-960x640-1.jpeg\" class=\"attachment-large size-large wp-image-2414\" alt=\"\" srcset=\"https:\/\/jmc-elec.yoobi.fr\/wp-content\/uploads\/2024\/11\/AdobeStock_615513256-960x640-1.jpeg 960w, https:\/\/jmc-elec.yoobi.fr\/wp-content\/uploads\/2024\/11\/AdobeStock_615513256-960x640-1-300x200.jpeg 300w, https:\/\/jmc-elec.yoobi.fr\/wp-content\/uploads\/2024\/11\/AdobeStock_615513256-960x640-1-768x512.jpeg 768w\" sizes=\"(max-width: 800px) 100vw, 800px\" \/>\t\t\t\t\t\t\t\t\t\t\t\t\t<\/div>\n\t\t\t\t<\/div>\n\t\t<div class=\"elementor-element elementor-element-e3d8d99 e-flex e-con-boxed e-con e-child\" data-id=\"e3d8d99\" data-element_type=\"container\">\n\t\t\t\t\t<div class=\"e-con-inner\">\n\t\t\t\t<div class=\"elementor-element elementor-element-0c3a190 elementor-widget elementor-widget-heading\" data-id=\"0c3a190\" data-element_type=\"widget\" data-widget_type=\"heading.default\">\n\t\t\t\t<div class=\"elementor-widget-container\">\n\t\t\t<style>\/*! elementor - v3.22.0 - 26-06-2024 *\/\n.elementor-heading-title{padding:0;margin:0;line-height:1}.elementor-widget-heading .elementor-heading-title[class*=elementor-size-]>a{color:inherit;font-size:inherit;line-height:inherit}.elementor-widget-heading .elementor-heading-title.elementor-size-small{font-size:15px}.elementor-widget-heading .elementor-heading-title.elementor-size-medium{font-size:19px}.elementor-widget-heading .elementor-heading-title.elementor-size-large{font-size:29px}.elementor-widget-heading .elementor-heading-title.elementor-size-xl{font-size:39px}.elementor-widget-heading .elementor-heading-title.elementor-size-xxl{font-size:59px}<\/style><h3 class=\"elementor-heading-title elementor-size-default\">Installation \u00e9lectrique<\/h3>\t\t<\/div>\n\t\t\t\t<\/div>\n\t\t\t\t<div class=\"elementor-element elementor-element-f7f8e43 elementor-widget elementor-widget-text-editor\" data-id=\"f7f8e43\" data-element_type=\"widget\" data-widget_type=\"text-editor.default\">\n\t\t\t\t<div class=\"elementor-widget-container\">\n\t\t\t<style>\/*! elementor - v3.22.0 - 26-06-2024 *\/\n.elementor-widget-text-editor.elementor-drop-cap-view-stacked .elementor-drop-cap{background-color:#69727d;color:#fff}.elementor-widget-text-editor.elementor-drop-cap-view-framed .elementor-drop-cap{color:#69727d;border:3px solid;background-color:transparent}.elementor-widget-text-editor:not(.elementor-drop-cap-view-default) .elementor-drop-cap{margin-top:8px}.elementor-widget-text-editor:not(.elementor-drop-cap-view-default) .elementor-drop-cap-letter{width:1em;height:1em}.elementor-widget-text-editor .elementor-drop-cap{float:left;text-align:center;line-height:1;font-size:50px}.elementor-widget-text-editor .elementor-drop-cap-letter{display:inline-block}<\/style>\t\t\t\t<p>Nous assurons la mise en place compl\u00e8te de vos syst\u00e8mes \u00e9lectriques, adapt\u00e9s \u00e0 vos besoins sp\u00e9cifiques et r\u00e9alis\u00e9s dans les r\u00e8gles de l\u2019art.<\/p>\t\t\t\t\t\t<\/div>\n\t\t\t\t<\/div>\n\t\t\t\t<div class=\"elementor-element elementor-element-f284be1 elementor-widget elementor-widget-global elementor-global-116 elementor-widget-button\" data-id=\"f284be1\" data-element_type=\"widget\" data-widget_type=\"button.default\">\n\t\t\t\t<div class=\"elementor-widget-container\">\n\t\t\t\t\t<div class=\"elementor-button-wrapper\">\n\t\t\t<a class=\"elementor-button elementor-button-link elementor-size-sm\" href=\"https:\/\/jmc-elec.yoobi.fr#contact\">\n\t\t\t\t\t\t<span class=\"elementor-button-content-wrapper\">\n\t\t\t\t\t\t<span class=\"elementor-button-icon\">\n\t\t\t\t<i aria-hidden=\"true\" class=\"fas fa-envelope\"><\/i>\t\t\t<\/span>\n\t\t\t\t\t\t\t\t\t<span class=\"elementor-button-text\">Nous contacter<\/span>\n\t\t\t\t\t<\/span>\n\t\t\t\t\t<\/a>\n\t\t<\/div>\n\t\t\t\t<\/div>\n\t\t\t\t<\/div>\n\t\t\t\t\t<\/div>\n\t\t\t\t<\/div>\n\t\t\t\t<\/div>\n\t\t<div class=\"elementor-element elementor-element-ebdfd54 e-con-full e-flex e-con e-child\" data-id=\"ebdfd54\" data-element_type=\"container\" data-settings=\"{&quot;background_background&quot;:&quot;classic&quot;}\">\n\t\t\t\t<div class=\"elementor-element elementor-element-c46feee elementor-widget__width-inherit elementor-widget elementor-widget-image\" data-id=\"c46feee\" data-element_type=\"widget\" data-widget_type=\"image.default\">\n\t\t\t\t<div class=\"elementor-widget-container\">\n\t\t\t\t\t\t\t\t\t\t\t\t\t<img decoding=\"async\" width=\"800\" height=\"532\" src=\"https:\/\/jmc-elec.yoobi.fr\/wp-content\/uploads\/2024\/11\/pexels-pixabay-257736-1024x681.jpg\" class=\"attachment-large size-large wp-image-2407\" alt=\"\" srcset=\"https:\/\/jmc-elec.yoobi.fr\/wp-content\/uploads\/2024\/11\/pexels-pixabay-257736-1024x681.jpg 1024w, https:\/\/jmc-elec.yoobi.fr\/wp-content\/uploads\/2024\/11\/pexels-pixabay-257736-300x200.jpg 300w, https:\/\/jmc-elec.yoobi.fr\/wp-content\/uploads\/2024\/11\/pexels-pixabay-257736-768x511.jpg 768w, https:\/\/jmc-elec.yoobi.fr\/wp-content\/uploads\/2024\/11\/pexels-pixabay-257736-1536x1022.jpg 1536w, https:\/\/jmc-elec.yoobi.fr\/wp-content\/uploads\/2024\/11\/pexels-pixabay-257736.jpg 1623w\" sizes=\"(max-width: 800px) 100vw, 800px\" \/>\t\t\t\t\t\t\t\t\t\t\t\t\t<\/div>\n\t\t\t\t<\/div>\n\t\t<div class=\"elementor-element elementor-element-57d1a0f e-flex e-con-boxed e-con e-child\" data-id=\"57d1a0f\" data-element_type=\"container\">\n\t\t\t\t\t<div class=\"e-con-inner\">\n\t\t\t\t<div class=\"elementor-element elementor-element-564ecf8 elementor-widget elementor-widget-heading\" data-id=\"564ecf8\" data-element_type=\"widget\" data-widget_type=\"heading.default\">\n\t\t\t\t<div class=\"elementor-widget-container\">\n\t\t\t<h3 class=\"elementor-heading-title elementor-size-default\">D\u00e9pannage \u00e9lectrique\n<\/h3>\t\t<\/div>\n\t\t\t\t<\/div>\n\t\t\t\t<div class=\"elementor-element elementor-element-7915daf elementor-widget elementor-widget-text-editor\" data-id=\"7915daf\" data-element_type=\"widget\" data-widget_type=\"text-editor.default\">\n\t\t\t\t<div class=\"elementor-widget-container\">\n\t\t\t\t\t\t\t<p>En cas de panne ou de dysfonctionnement, notre \u00e9quipe intervient rapidement pour r\u00e9tablir le bon fonctionnement de vos installations.<\/p>\t\t\t\t\t\t<\/div>\n\t\t\t\t<\/div>\n\t\t\t\t<div class=\"elementor-element elementor-element-40d7b6d elementor-widget elementor-widget-global elementor-global-116 elementor-widget-button\" data-id=\"40d7b6d\" data-element_type=\"widget\" data-widget_type=\"button.default\">\n\t\t\t\t<div class=\"elementor-widget-container\">\n\t\t\t\t\t<div class=\"elementor-button-wrapper\">\n\t\t\t<a class=\"elementor-button elementor-button-link elementor-size-sm\" href=\"https:\/\/jmc-elec.yoobi.fr#contact\">\n\t\t\t\t\t\t<span class=\"elementor-button-content-wrapper\">\n\t\t\t\t\t\t<span class=\"elementor-button-icon\">\n\t\t\t\t<i aria-hidden=\"true\" class=\"fas fa-envelope\"><\/i>\t\t\t<\/span>\n\t\t\t\t\t\t\t\t\t<span class=\"elementor-button-text\">Nous contacter<\/span>\n\t\t\t\t\t<\/span>\n\t\t\t\t\t<\/a>\n\t\t<\/div>\n\t\t\t\t<\/div>\n\t\t\t\t<\/div>\n\t\t\t\t\t<\/div>\n\t\t\t\t<\/div>\n\t\t\t\t<\/div>\n\t\t<div class=\"elementor-element elementor-element-b65fb14 e-con-full e-flex e-con e-child\" data-id=\"b65fb14\" data-element_type=\"container\" data-settings=\"{&quot;background_background&quot;:&quot;classic&quot;}\">\n\t\t\t\t<div class=\"elementor-element elementor-element-a8cff4d elementor-widget__width-inherit elementor-widget elementor-widget-image\" data-id=\"a8cff4d\" data-element_type=\"widget\" data-widget_type=\"image.default\">\n\t\t\t\t<div class=\"elementor-widget-container\">\n\t\t\t\t\t\t\t\t\t\t\t\t\t<img decoding=\"async\" width=\"800\" height=\"534\" src=\"https:\/\/jmc-elec.yoobi.fr\/wp-content\/uploads\/2024\/11\/1686-chantier-electricite.jpg\" class=\"attachment-large size-large wp-image-2406\" alt=\"\" srcset=\"https:\/\/jmc-elec.yoobi.fr\/wp-content\/uploads\/2024\/11\/1686-chantier-electricite.jpg 1000w, https:\/\/jmc-elec.yoobi.fr\/wp-content\/uploads\/2024\/11\/1686-chantier-electricite-300x200.jpg 300w, https:\/\/jmc-elec.yoobi.fr\/wp-content\/uploads\/2024\/11\/1686-chantier-electricite-768x512.jpg 768w\" sizes=\"(max-width: 800px) 100vw, 800px\" \/>\t\t\t\t\t\t\t\t\t\t\t\t\t<\/div>\n\t\t\t\t<\/div>\n\t\t<div class=\"elementor-element elementor-element-d99c5d8 e-flex e-con-boxed e-con e-child\" data-id=\"d99c5d8\" data-element_type=\"container\">\n\t\t\t\t\t<div class=\"e-con-inner\">\n\t\t\t\t<div class=\"elementor-element elementor-element-c82fbb7 elementor-widget elementor-widget-heading\" data-id=\"c82fbb7\" data-element_type=\"widget\" data-widget_type=\"heading.default\">\n\t\t\t\t<div class=\"elementor-widget-container\">\n\t\t\t<h3 class=\"elementor-heading-title elementor-size-default\">Mise en conformit\u00e9\n<\/h3>\t\t<\/div>\n\t\t\t\t<\/div>\n\t\t\t\t<div class=\"elementor-element elementor-element-a91a617 elementor-widget elementor-widget-text-editor\" data-id=\"a91a617\" data-element_type=\"widget\" data-widget_type=\"text-editor.default\">\n\t\t\t\t<div class=\"elementor-widget-container\">\n\t\t\t\t\t\t\t<p>Modernisez vos installations \u00e9lectriques pour qu\u2019elles respectent les normes actuelles, tout en am\u00e9liorant leur performance \u00e9nerg\u00e9tique.<\/p>\t\t\t\t\t\t<\/div>\n\t\t\t\t<\/div>\n\t\t\t\t<div class=\"elementor-element elementor-element-a6516f8 elementor-widget elementor-widget-global elementor-global-116 elementor-widget-button\" data-id=\"a6516f8\" data-element_type=\"widget\" data-widget_type=\"button.default\">\n\t\t\t\t<div class=\"elementor-widget-container\">\n\t\t\t\t\t<div class=\"elementor-button-wrapper\">\n\t\t\t<a class=\"elementor-button elementor-button-link elementor-size-sm\" href=\"https:\/\/jmc-elec.yoobi.fr#contact\">\n\t\t\t\t\t\t<span class=\"elementor-button-content-wrapper\">\n\t\t\t\t\t\t<span class=\"elementor-button-icon\">\n\t\t\t\t<i aria-hidden=\"true\" class=\"fas fa-envelope\"><\/i>\t\t\t<\/span>\n\t\t\t\t\t\t\t\t\t<span class=\"elementor-button-text\">Nous contacter<\/span>\n\t\t\t\t\t<\/span>\n\t\t\t\t\t<\/a>\n\t\t<\/div>\n\t\t\t\t<\/div>\n\t\t\t\t<\/div>\n\t\t\t\t\t<\/div>\n\t\t\t\t<\/div>\n\t\t\t\t<\/div>\n\t\t\t\t\t<\/div>\n\t\t\t\t<\/div>\n\t\t\t\t\t<\/div>\n\t\t\t\t<\/div>\n\t\t\t\t<\/div>\n\t\t","protected":false},"excerpt":{"rendered":"<p>Installation \u00e9lectrique Nous assurons la mise en place compl\u00e8te de vos syst\u00e8mes \u00e9lectriques, adapt\u00e9s \u00e0 vos besoins sp\u00e9cifiques et r\u00e9alis\u00e9s dans les r\u00e8gles de l\u2019art. Nous contacter D\u00e9pannage \u00e9lectrique En cas de panne ou de dysfonctionnement, notre \u00e9quipe intervient rapidement pour r\u00e9tablir le bon fonctionnement de vos installations. Nous contacter Mise en conformit\u00e9 Modernisez vos [&hellip;]<\/p>\n","protected":false},"author":1,"featured_media":0,"parent":0,"menu_order":0,"comment_status":"closed","ping_status":"closed","template":"elementor_header_footer","meta":{"footnotes":""},"class_list":["post-2459","page","type-page","status-publish","hentry"],"_links":{"self":[{"href":"https:\/\/jmc-elec.yoobi.fr\/index.php?rest_route=\/wp\/v2\/pages\/2459","targetHints":{"allow":["GET"]}}],"collection":[{"href":"https:\/\/jmc-elec.yoobi.fr\/index.php?rest_route=\/wp\/v2\/pages"}],"about":[{"href":"https:\/\/jmc-elec.yoobi.fr\/index.php?rest_route=\/wp\/v2\/types\/page"}],"author":[{"embeddable":true,"href":"https:\/\/jmc-elec.yoobi.fr\/index.php?rest_route=\/wp\/v2\/users\/1"}],"replies":[{"embeddable":true,"href":"https:\/\/jmc-elec.yoobi.fr\/index.php?rest_route=%2Fwp%2Fv2%2Fcomments&post=2459"}],"version-history":[{"count":4,"href":"https:\/\/jmc-elec.yoobi.fr\/index.php?rest_route=\/wp\/v2\/pages\/2459\/revisions"}],"predecessor-version":[{"id":2466,"href":"https:\/\/jmc-elec.yoobi.fr\/index.php?rest_route=\/wp\/v2\/pages\/2459\/revisions\/2466"}],"wp:attachment":[{"href":"https:\/\/jmc-elec.yoobi.fr\/index.php?rest_route=%2Fwp%2Fv2%2Fmedia&parent=2459"}],"curies":[{"name":"wp","href":"https:\/\/api.w.org\/{rel}","templated":true}]}}